{"id":235,"date":"2026-03-23T14:05:07","date_gmt":"2026-03-23T17:05:07","guid":{"rendered":"https:\/\/grupocarrara.com.br\/?page_id=235"},"modified":"2026-03-23T14:15:43","modified_gmt":"2026-03-23T17:15:43","slug":"empresas","status":"publish","type":"page","link":"https:\/\/grupocarrara.com.br\/index.php\/empresas\/","title":{"rendered":"Empresas"},"content":{"rendered":"\t\t<div data-elementor-type=\"wp-page\" data-elementor-id=\"235\" class=\"elementor elementor-235\">\n\t\t\t\t<div class=\"elementor-element elementor-element-0664723 e-flex e-con-boxed e-con e-parent\" data-id=\"0664723\" data-element_type=\"container\" data-e-type=\"container\">\n\t\t\t\t\t<div class=\"e-con-inner\">\n\t\t<div class=\"elementor-element elementor-element-e8126e8 e-con-full e-flex e-con e-child\" data-id=\"e8126e8\" data-element_type=\"container\" data-e-type=\"container\">\n\t\t\t\t<\/div>\n\t\t<div class=\"elementor-element elementor-element-d24bc59 e-con-full e-flex e-con e-child\" data-id=\"d24bc59\" data-element_type=\"container\" data-e-type=\"container\">\n\t\t\t\t<div class=\"elementor-element elementor-element-7edfec8 elementor-invisible elementor-widget elementor-widget-image\" data-id=\"7edfec8\" data-element_type=\"widget\" data-e-type=\"widget\" data-settings=\"{&quot;_animation&quot;:&quot;fadeIn&quot;}\" data-widget_type=\"image.default\">\n\t\t\t\t\t\t\t\t\t\t\t\t\t\t\t\t<a href=\"http:\/\/www.grupocarrara.com.br\">\n\t\t\t\t\t\t\t<img fetchpriority=\"high\" decoding=\"async\" width=\"670\" height=\"275\" src=\"http:\/\/grupocarrara.com.br\/wp-content\/uploads\/2026\/03\/grupocarrara.jpg\" class=\"attachment-large size-large wp-image-191\" alt=\"\" srcset=\"http:\/\/grupocarrara.com.br\/wp-content\/uploads\/2026\/03\/grupocarrara.jpg 670w, http:\/\/grupocarrara.com.br\/wp-content\/uploads\/2026\/03\/grupocarrara-300x123.jpg 300w\" sizes=\"(max-width: 670px) 100vw, 670px\" \/>\t\t\t\t\t\t\t\t<\/a>\n\t\t\t\t\t\t\t\t\t\t\t\t\t\t\t<\/div>\n\t\t\t\t<div class=\"elementor-element elementor-element-1fe42b1 elementor-align-justify elementor-invisible elementor-widget elementor-widget-button\" data-id=\"1fe42b1\" data-element_type=\"widget\" data-e-type=\"widget\" data-settings=\"{&quot;_animation&quot;:&quot;bounceIn&quot;}\" data-widget_type=\"button.default\">\n\t\t\t\t\t\t\t\t\t\t<a class=\"elementor-button elementor-button-link elementor-size-sm\" href=\"https:\/\/docs.google.com\/forms\/d\/e\/1FAIpQLSfCJ1wyxANHJWJIp3ueCxWPXvN8ZnXAZZZ5Z3pDx03sHyc0fA\/viewform?usp=header\">\n\t\t\t\t\t\t<span class=\"elementor-button-content-wrapper\">\n\t\t\t\t\t\t\t\t\t<span class=\"elementor-button-text\">SOLICITE UM OR\u00c7AMENTO<\/span>\n\t\t\t\t\t<\/span>\n\t\t\t\t\t<\/a>\n\t\t\t\t\t\t\t\t<\/div>\n\t\t\t\t<\/div>\n\t\t<div class=\"elementor-element elementor-element-8ed4fba e-con-full e-flex e-con e-child\" data-id=\"8ed4fba\" data-element_type=\"container\" data-e-type=\"container\">\n\t\t\t\t<\/div>\n\t\t\t\t\t<\/div>\n\t\t\t\t<\/div>\n\t\t<div class=\"elementor-element elementor-element-149ed21 e-flex e-con-boxed e-con e-parent\" data-id=\"149ed21\" data-element_type=\"container\" data-e-type=\"container\">\n\t\t\t\t\t<div class=\"e-con-inner\">\n\t\t<div class=\"elementor-element elementor-element-1603261 e-con-full e-flex e-con e-child\" data-id=\"1603261\" data-element_type=\"container\" data-e-type=\"container\">\n\t\t\t\t<\/div>\n\t\t<div class=\"elementor-element elementor-element-6783f33 e-con-full e-flex e-con e-child\" data-id=\"6783f33\" data-element_type=\"container\" data-e-type=\"container\">\n\t\t\t\t<div class=\"elementor-element elementor-element-4ba005a elementor-widget elementor-widget-text-editor\" data-id=\"4ba005a\" data-element_type=\"widget\" data-e-type=\"widget\" data-widget_type=\"text-editor.default\">\n\t\t\t\t\t\t\t\t\t<p>Infraestrutura<strong> completa para empresas, ind\u00fastrias e hospitais<\/strong><\/p>\n<p><b><br><\/b><strong>Seguran\u00e7a Corporativa<\/strong><br>\u2022 Vigil\u00e2ncia armada e desarmada<br>\u2022 Controle de acessos e per\u00edmetros<br>\u2022 Monitoramento inteligente<br>\u2022 Preven\u00e7\u00e3o de riscos operacionais<\/p>\n<p><strong>Portaria &amp; Controle de Fluxo<\/strong><br>\u2022 Portaria presencial<br>\u2022 Portaria virtual e remota<br>\u2022 Controle de visitantes, fornecedores e colaboradores<br>\u2022 Registros e rastreabilidade de acessos<\/p>\n<p><strong>Limpeza Profissional<\/strong><br>\u2022 Limpeza t\u00e9cnica e conserva\u00e7\u00e3o<br>\u2022 Limpeza p\u00f3s-obra<br>\u2022 Ambientes corporativos e industriais<br>\u2022 Padr\u00f5es rigorosos de qualidade<\/p>\n<p><strong>Solu\u00e7\u00f5es para Hospitais<\/strong><br>\u2022 Protocolos espec\u00edficos por ambiente<br>\u2022 Controle operacional e higieniza\u00e7\u00e3o<br>\u2022 Equipes treinadas para \u00e1reas sens\u00edveis<br>\u2022 Conformidade com normas e rotinas hospitalares<\/p>\n<p><strong>Facilities &amp; Manuten\u00e7\u00e3o<\/strong><br>\u2022 Manuten\u00e7\u00e3o predial preventiva<br>\u2022 Manuten\u00e7\u00e3o corretiva<br>\u2022 Apoio operacional cont\u00ednuo<br>\u2022 Preserva\u00e7\u00e3o de ativos<\/p>\n<p><strong>Pessoas &amp; Treinamento<\/strong><br>\u2022 Sele\u00e7\u00e3o criteriosa<br>\u2022 Treinamento cont\u00ednuo<br>\u2022 Postura profissional<br>\u2022 Atendimento alinhado \u00e0 cultura da empresa<\/p>\n<p><strong>Gest\u00e3o &amp; Tecnologia<\/strong><br>\u2022 Supervis\u00e3o constante<br>\u2022 Relat\u00f3rios operacionais<br>\u2022 Indicadores de desempenho (KPIs)<br>\u2022 Uso de tecnologia para efici\u00eancia e controle<\/p>\n<p><strong>Projetos Sob Medida<\/strong><br>\u2022 An\u00e1lise do perfil da opera\u00e7\u00e3o<br>\u2022 Solu\u00e7\u00f5es personalizadas<br>\u2022 Redu\u00e7\u00e3o de custos<br>\u2022 Ganho de efici\u00eancia operacional<\/p>\n<p><\/p>\n<p><strong>Grupo Carrara<\/strong><br>Estrutura, seguran\u00e7a e gest\u00e3o profissional para sua empresa operar com tranquilidade.&nbsp;<span style=\"font-size: 1rem;\">Fale com nosso time e descubra a solu\u00e7\u00e3o ideal para o seu neg\u00f3cio.<\/span><\/p>\t\t\t\t\t\t\t\t<\/div>\n\t\t\t\t<\/div>\n\t\t<div class=\"elementor-element elementor-element-a887d97 e-con-full e-flex e-con e-child\" data-id=\"a887d97\" data-element_type=\"container\" data-e-type=\"container\">\n\t\t\t\t<\/div>\n\t\t\t\t\t<\/div>\n\t\t\t\t<\/div>\n\t\t\t\t<\/div>\n\t\t","protected":false},"excerpt":{"rendered":"<p>SOLICITE UM OR\u00c7AMENTO Infraestrutura completa para empresas, ind\u00fastrias e hospitais Seguran\u00e7a Corporativa\u2022 Vigil\u00e2ncia armada e desarmada\u2022 Controle de acessos e per\u00edmetros\u2022 Monitoramento inteligente\u2022 Preven\u00e7\u00e3o de riscos operacionais Portaria &amp; Controle de Fluxo\u2022 Portaria presencial\u2022 Portaria virtual e remota\u2022 Controle de visitantes, fornecedores e colaboradores\u2022 Registros e rastreabilidade de acessos Limpeza Profissional\u2022 Limpeza t\u00e9cnica e conserva\u00e7\u00e3o\u2022 [&hellip;]<\/p>\n","protected":false},"author":1,"featured_media":0,"parent":0,"menu_order":0,"comment_status":"closed","ping_status":"closed","template":"elementor_canvas","meta":{"footnotes":""},"class_list":["post-235","page","type-page","status-publish","hentry"],"_links":{"self":[{"href":"https:\/\/grupocarrara.com.br\/index.php\/wp-json\/wp\/v2\/pages\/235","targetHints":{"allow":["GET"]}}],"collection":[{"href":"https:\/\/grupocarrara.com.br\/index.php\/wp-json\/wp\/v2\/pages"}],"about":[{"href":"https:\/\/grupocarrara.com.br\/index.php\/wp-json\/wp\/v2\/types\/page"}],"author":[{"embeddable":true,"href":"https:\/\/grupocarrara.com.br\/index.php\/wp-json\/wp\/v2\/users\/1"}],"replies":[{"embeddable":true,"href":"https:\/\/grupocarrara.com.br\/index.php\/wp-json\/wp\/v2\/comments?post=235"}],"version-history":[{"count":4,"href":"https:\/\/grupocarrara.com.br\/index.php\/wp-json\/wp\/v2\/pages\/235\/revisions"}],"predecessor-version":[{"id":252,"href":"https:\/\/grupocarrara.com.br\/index.php\/wp-json\/wp\/v2\/pages\/235\/revisions\/252"}],"wp:attachment":[{"href":"https:\/\/grupocarrara.com.br\/index.php\/wp-json\/wp\/v2\/media?parent=235"}],"curies":[{"name":"wp","href":"https:\/\/api.w.org\/{rel}","templated":true}]}}