{"id":233,"date":"2026-03-23T14:04:51","date_gmt":"2026-03-23T17:04:51","guid":{"rendered":"https:\/\/grupocarrara.com.br\/?page_id=233"},"modified":"2026-03-23T14:10:11","modified_gmt":"2026-03-23T17:10:11","slug":"condominios","status":"publish","type":"page","link":"https:\/\/grupocarrara.com.br\/index.php\/condominios\/","title":{"rendered":"Condom\u00ednios"},"content":{"rendered":"\t\t<div data-elementor-type=\"wp-page\" data-elementor-id=\"233\" class=\"elementor elementor-233\">\n\t\t\t\t<div class=\"elementor-element elementor-element-19633fe e-flex e-con-boxed e-con e-parent\" data-id=\"19633fe\" data-element_type=\"container\" data-e-type=\"container\">\n\t\t\t\t\t<div class=\"e-con-inner\">\n\t\t<div class=\"elementor-element elementor-element-50e2a2e e-con-full e-flex e-con e-child\" data-id=\"50e2a2e\" data-element_type=\"container\" data-e-type=\"container\">\n\t\t\t\t<\/div>\n\t\t<div class=\"elementor-element elementor-element-95b918c e-con-full e-flex e-con e-child\" data-id=\"95b918c\" data-element_type=\"container\" data-e-type=\"container\">\n\t\t\t\t<div class=\"elementor-element elementor-element-cb52d11 elementor-invisible elementor-widget elementor-widget-image\" data-id=\"cb52d11\" data-element_type=\"widget\" data-e-type=\"widget\" data-settings=\"{&quot;_animation&quot;:&quot;fadeIn&quot;}\" data-widget_type=\"image.default\">\n\t\t\t\t\t\t\t\t\t\t\t\t\t\t\t\t<a href=\"http:\/\/www.grupocarrara.com.br\">\n\t\t\t\t\t\t\t<img fetchpriority=\"high\" decoding=\"async\" width=\"670\" height=\"275\" src=\"https:\/\/grupocarrara.com.br\/wp-content\/uploads\/2026\/03\/grupocarrara.jpg\" class=\"attachment-large size-large wp-image-191\" alt=\"\" srcset=\"https:\/\/grupocarrara.com.br\/wp-content\/uploads\/2026\/03\/grupocarrara.jpg 670w, https:\/\/grupocarrara.com.br\/wp-content\/uploads\/2026\/03\/grupocarrara-300x123.jpg 300w\" sizes=\"(max-width: 670px) 100vw, 670px\" \/>\t\t\t\t\t\t\t\t<\/a>\n\t\t\t\t\t\t\t\t\t\t\t\t\t\t\t<\/div>\n\t\t\t\t<div class=\"elementor-element elementor-element-8a2deb2 elementor-align-justify elementor-invisible elementor-widget elementor-widget-button\" data-id=\"8a2deb2\" data-element_type=\"widget\" data-e-type=\"widget\" data-settings=\"{&quot;_animation&quot;:&quot;bounceIn&quot;}\" data-widget_type=\"button.default\">\n\t\t\t\t\t\t\t\t\t\t<a class=\"elementor-button elementor-button-link elementor-size-sm\" href=\"https:\/\/docs.google.com\/forms\/d\/e\/1FAIpQLSfCJ1wyxANHJWJIp3ueCxWPXvN8ZnXAZZZ5Z3pDx03sHyc0fA\/viewform?usp=header\">\n\t\t\t\t\t\t<span class=\"elementor-button-content-wrapper\">\n\t\t\t\t\t\t\t\t\t<span class=\"elementor-button-text\">SOLICITE UM OR\u00c7AMENTO<\/span>\n\t\t\t\t\t<\/span>\n\t\t\t\t\t<\/a>\n\t\t\t\t\t\t\t\t<\/div>\n\t\t\t\t<\/div>\n\t\t<div class=\"elementor-element elementor-element-12cfcd3 e-con-full e-flex e-con e-child\" data-id=\"12cfcd3\" data-element_type=\"container\" data-e-type=\"container\">\n\t\t\t\t<\/div>\n\t\t\t\t\t<\/div>\n\t\t\t\t<\/div>\n\t\t<div class=\"elementor-element elementor-element-e4a8210 e-flex e-con-boxed e-con e-parent\" data-id=\"e4a8210\" data-element_type=\"container\" data-e-type=\"container\">\n\t\t\t\t\t<div class=\"e-con-inner\">\n\t\t<div class=\"elementor-element elementor-element-8ea25d3 e-con-full e-flex e-con e-child\" data-id=\"8ea25d3\" data-element_type=\"container\" data-e-type=\"container\">\n\t\t\t\t<\/div>\n\t\t<div class=\"elementor-element elementor-element-04f6773 e-con-full e-flex e-con e-child\" data-id=\"04f6773\" data-element_type=\"container\" data-e-type=\"container\">\n\t\t\t\t<div class=\"elementor-element elementor-element-d2fb4cd elementor-widget elementor-widget-image\" data-id=\"d2fb4cd\" data-element_type=\"widget\" data-e-type=\"widget\" data-widget_type=\"image.default\">\n\t\t\t\t\t\t\t\t\t\t\t\t\t\t\t<img decoding=\"async\" width=\"800\" height=\"418\" src=\"https:\/\/grupocarrara.com.br\/wp-content\/uploads\/2026\/03\/maisde-1024x535-1.jpg\" class=\"attachment-large size-large wp-image-52\" alt=\"\" srcset=\"https:\/\/grupocarrara.com.br\/wp-content\/uploads\/2026\/03\/maisde-1024x535-1.jpg 1024w, https:\/\/grupocarrara.com.br\/wp-content\/uploads\/2026\/03\/maisde-1024x535-1-300x157.jpg 300w, https:\/\/grupocarrara.com.br\/wp-content\/uploads\/2026\/03\/maisde-1024x535-1-768x401.jpg 768w\" sizes=\"(max-width: 800px) 100vw, 800px\" \/>\t\t\t\t\t\t\t\t\t\t\t\t\t\t\t<\/div>\n\t\t\t\t<\/div>\n\t\t<div class=\"elementor-element elementor-element-f5e3c4f e-con-full e-flex e-con e-child\" data-id=\"f5e3c4f\" data-element_type=\"container\" data-e-type=\"container\">\n\t\t\t\t<\/div>\n\t\t\t\t\t<\/div>\n\t\t\t\t<\/div>\n\t\t<div class=\"elementor-element elementor-element-271fdfb e-flex e-con-boxed e-con e-parent\" data-id=\"271fdfb\" data-element_type=\"container\" data-e-type=\"container\">\n\t\t\t\t\t<div class=\"e-con-inner\">\n\t\t<div class=\"elementor-element elementor-element-a549172 e-con-full e-flex e-con e-child\" data-id=\"a549172\" data-element_type=\"container\" data-e-type=\"container\">\n\t\t\t\t<\/div>\n\t\t<div class=\"elementor-element elementor-element-6e3a321 e-con-full e-flex e-con e-child\" data-id=\"6e3a321\" data-element_type=\"container\" data-e-type=\"container\">\n\t\t\t\t<div class=\"elementor-element elementor-element-edcf0a3 elementor-widget elementor-widget-text-editor\" data-id=\"edcf0a3\" data-element_type=\"widget\" data-e-type=\"widget\" data-widget_type=\"text-editor.default\">\n\t\t\t\t\t\t\t\t\t<p><strong>Solu\u00e7\u00f5es completas para condom\u00ednios residenciais<\/strong><\/p><p><br \/>Seguran\u00e7a<br \/>\u2022 Vigil\u00e2ncia armada e desarmada<br \/>\u2022 Monitoramento inteligente<br \/>\u2022 Rondas digitais<br \/>\u2022 Preven\u00e7\u00e3o de riscos<\/p><p>Portaria &amp; Acesso<br \/>\u2022 Portaria presencial<br \/>\u2022 Portaria virtual e remota<br \/>\u2022 Controle de acesso de moradores e visitantes<br \/>\u2022 Registro e organiza\u00e7\u00e3o de entradas<\/p><p>Limpeza &amp; Conserva\u00e7\u00e3o<br \/>\u2022 Limpeza de \u00e1reas comuns<br \/>\u2022 Conserva\u00e7\u00e3o predial<br \/>\u2022 Limpeza p\u00f3s-obra<br \/>\u2022 Padr\u00e3o cont\u00ednuo de qualidade<\/p><p>Manuten\u00e7\u00e3o Predial<br \/>\u2022 Manuten\u00e7\u00e3o preventiva<br \/>\u2022 Manuten\u00e7\u00e3o corretiva<br \/>\u2022 Apoio \u00e0 zeladoria<br \/>\u2022 Preserva\u00e7\u00e3o do patrim\u00f4nio<\/p><p>Pessoas &amp; Treinamento<br \/>\u2022 Equipes selecionadas<br \/>\u2022 Treinamento cont\u00ednuo<br \/>\u2022 Postura profissional<br \/>\u2022 Atendimento humanizado<\/p><p>Gest\u00e3o &amp; Controle<br \/>\u2022 Supervis\u00e3o constante<br \/>\u2022 Visitas t\u00e9cnicas<br \/>\u2022 Relat\u00f3rios operacionais<br \/>\u2022 Indicadores de desempenho<\/p><p>Solu\u00e7\u00f5es Sob Medida<br \/>\u2022 An\u00e1lise do perfil do condom\u00ednio<br \/>\u2022 Projetos personalizados<br \/>\u2022 Redu\u00e7\u00e3o de custos<br \/>\u2022 Mais efici\u00eancia operacional<\/p>\t\t\t\t\t\t\t\t<\/div>\n\t\t\t\t<\/div>\n\t\t<div class=\"elementor-element elementor-element-86fec2c e-con-full e-flex e-con e-child\" data-id=\"86fec2c\" data-element_type=\"container\" data-e-type=\"container\">\n\t\t\t\t<\/div>\n\t\t\t\t\t<\/div>\n\t\t\t\t<\/div>\n\t\t\t\t<\/div>\n\t\t","protected":false},"excerpt":{"rendered":"<p>SOLICITE UM OR\u00c7AMENTO Solu\u00e7\u00f5es completas para condom\u00ednios residenciais Seguran\u00e7a\u2022 Vigil\u00e2ncia armada e desarmada\u2022 Monitoramento inteligente\u2022 Rondas digitais\u2022 Preven\u00e7\u00e3o de riscos Portaria &amp; Acesso\u2022 Portaria presencial\u2022 Portaria virtual e remota\u2022 Controle de acesso de moradores e visitantes\u2022 Registro e organiza\u00e7\u00e3o de entradas Limpeza &amp; Conserva\u00e7\u00e3o\u2022 Limpeza de \u00e1reas comuns\u2022 Conserva\u00e7\u00e3o predial\u2022 Limpeza p\u00f3s-obra\u2022 Padr\u00e3o cont\u00ednuo de [&hellip;]<\/p>\n","protected":false},"author":1,"featured_media":0,"parent":0,"menu_order":0,"comment_status":"closed","ping_status":"closed","template":"elementor_canvas","meta":{"footnotes":""},"class_list":["post-233","page","type-page","status-publish","hentry"],"_links":{"self":[{"href":"https:\/\/grupocarrara.com.br\/index.php\/wp-json\/wp\/v2\/pages\/233","targetHints":{"allow":["GET"]}}],"collection":[{"href":"https:\/\/grupocarrara.com.br\/index.php\/wp-json\/wp\/v2\/pages"}],"about":[{"href":"https:\/\/grupocarrara.com.br\/index.php\/wp-json\/wp\/v2\/types\/page"}],"author":[{"embeddable":true,"href":"https:\/\/grupocarrara.com.br\/index.php\/wp-json\/wp\/v2\/users\/1"}],"replies":[{"embeddable":true,"href":"https:\/\/grupocarrara.com.br\/index.php\/wp-json\/wp\/v2\/comments?post=233"}],"version-history":[{"count":4,"href":"https:\/\/grupocarrara.com.br\/index.php\/wp-json\/wp\/v2\/pages\/233\/revisions"}],"predecessor-version":[{"id":245,"href":"https:\/\/grupocarrara.com.br\/index.php\/wp-json\/wp\/v2\/pages\/233\/revisions\/245"}],"wp:attachment":[{"href":"https:\/\/grupocarrara.com.br\/index.php\/wp-json\/wp\/v2\/media?parent=233"}],"curies":[{"name":"wp","href":"https:\/\/api.w.org\/{rel}","templated":true}]}}