{"id":228,"date":"2026-03-23T14:02:47","date_gmt":"2026-03-23T17:02:47","guid":{"rendered":"https:\/\/grupocarrara.com.br\/?page_id=228"},"modified":"2026-03-24T10:58:34","modified_gmt":"2026-03-24T13:58:34","slug":"parcerias","status":"publish","type":"page","link":"https:\/\/grupocarrara.com.br\/index.php\/parcerias\/","title":{"rendered":"Parcerias"},"content":{"rendered":"\t\t<div data-elementor-type=\"wp-page\" data-elementor-id=\"228\" class=\"elementor elementor-228\">\n\t\t\t\t<div class=\"elementor-element elementor-element-99971e5 e-flex e-con-boxed e-con e-parent\" data-id=\"99971e5\" data-element_type=\"container\" data-e-type=\"container\">\n\t\t\t\t\t<div class=\"e-con-inner\">\n\t\t<div class=\"elementor-element elementor-element-cca1f5f e-con-full e-flex e-con e-child\" data-id=\"cca1f5f\" data-element_type=\"container\" data-e-type=\"container\">\n\t\t\t\t<\/div>\n\t\t<div class=\"elementor-element elementor-element-dad5b7d e-con-full e-flex e-con e-child\" data-id=\"dad5b7d\" data-element_type=\"container\" data-e-type=\"container\">\n\t\t\t\t<div class=\"elementor-element elementor-element-4a996a7 elementor-invisible elementor-widget elementor-widget-image\" data-id=\"4a996a7\" data-element_type=\"widget\" data-e-type=\"widget\" data-settings=\"{&quot;_animation&quot;:&quot;fadeIn&quot;}\" data-widget_type=\"image.default\">\n\t\t\t\t\t\t\t\t\t\t\t\t\t\t\t\t<a href=\"http:\/\/www.grupocarrara.com.br\">\n\t\t\t\t\t\t\t<img fetchpriority=\"high\" decoding=\"async\" width=\"670\" height=\"275\" src=\"https:\/\/grupocarrara.com.br\/wp-content\/uploads\/2026\/03\/grupocarrara.jpg\" class=\"attachment-large size-large wp-image-191\" alt=\"\" srcset=\"https:\/\/grupocarrara.com.br\/wp-content\/uploads\/2026\/03\/grupocarrara.jpg 670w, https:\/\/grupocarrara.com.br\/wp-content\/uploads\/2026\/03\/grupocarrara-300x123.jpg 300w\" sizes=\"(max-width: 670px) 100vw, 670px\" \/>\t\t\t\t\t\t\t\t<\/a>\n\t\t\t\t\t\t\t\t\t\t\t\t\t\t\t<\/div>\n\t\t\t\t<div class=\"elementor-element elementor-element-59fa814 elementor-align-justify elementor-invisible elementor-widget elementor-widget-button\" data-id=\"59fa814\" data-element_type=\"widget\" data-e-type=\"widget\" data-settings=\"{&quot;_animation&quot;:&quot;bounceIn&quot;}\" data-widget_type=\"button.default\">\n\t\t\t\t\t\t\t\t\t\t<a class=\"elementor-button elementor-button-link elementor-size-sm\" href=\"https:\/\/docs.google.com\/forms\/d\/e\/1FAIpQLSfCJ1wyxANHJWJIp3ueCxWPXvN8ZnXAZZZ5Z3pDx03sHyc0fA\/viewform?usp=header\">\n\t\t\t\t\t\t<span class=\"elementor-button-content-wrapper\">\n\t\t\t\t\t\t\t\t\t<span class=\"elementor-button-text\">SOLICITE UM OR\u00c7AMENTO<\/span>\n\t\t\t\t\t<\/span>\n\t\t\t\t\t<\/a>\n\t\t\t\t\t\t\t\t<\/div>\n\t\t\t\t<\/div>\n\t\t<div class=\"elementor-element elementor-element-848bf2e e-con-full e-flex e-con e-child\" data-id=\"848bf2e\" data-element_type=\"container\" data-e-type=\"container\">\n\t\t\t\t<\/div>\n\t\t\t\t\t<\/div>\n\t\t\t\t<\/div>\n\t\t<div class=\"elementor-element elementor-element-13e1504 e-flex e-con-boxed e-con e-parent\" data-id=\"13e1504\" data-element_type=\"container\" data-e-type=\"container\">\n\t\t\t\t\t<div class=\"e-con-inner\">\n\t\t<div class=\"elementor-element elementor-element-1ad7650 e-con-full e-flex e-con e-child\" data-id=\"1ad7650\" data-element_type=\"container\" data-e-type=\"container\">\n\t\t\t\t<\/div>\n\t\t<div class=\"elementor-element elementor-element-d9c0a6b e-con-full e-flex e-con e-child\" data-id=\"d9c0a6b\" data-element_type=\"container\" data-e-type=\"container\">\n\t\t\t\t<div class=\"elementor-element elementor-element-03e229c elementor-widget elementor-widget-text-editor\" data-id=\"03e229c\" data-element_type=\"widget\" data-e-type=\"widget\" data-widget_type=\"text-editor.default\">\n\t\t\t\t\t\t\t\t\t<p>O Grupo Carrara possui programas de parceria comercial.<br>O PLANO PARTNER PLUS \u00e9 feito exclusivamente para quem n\u00e3o \u00e9 colaborar e o PROGRAMA DE INDICA\u00c7\u00c3O PREMIADA \u00e9 feito para colaboradores que desejam indicar clientes para empresa.&nbsp;<br>CLique abaixo para saber mais.<\/p>\t\t\t\t\t\t\t\t<\/div>\n\t\t\t\t<\/div>\n\t\t<div class=\"elementor-element elementor-element-e2d5b7d e-con-full e-flex e-con e-child\" data-id=\"e2d5b7d\" data-element_type=\"container\" data-e-type=\"container\">\n\t\t\t\t<\/div>\n\t\t\t\t\t<\/div>\n\t\t\t\t<\/div>\n\t\t<div class=\"elementor-element elementor-element-a566ce9 e-flex e-con-boxed e-con e-parent\" data-id=\"a566ce9\" data-element_type=\"container\" data-e-type=\"container\">\n\t\t\t\t\t<div class=\"e-con-inner\">\n\t\t<div class=\"elementor-element elementor-element-044af8d e-con-full e-flex e-con e-child\" data-id=\"044af8d\" data-element_type=\"container\" data-e-type=\"container\">\n\t\t\t\t<\/div>\n\t\t<div class=\"elementor-element elementor-element-c69ed92 e-con-full e-flex e-con e-child\" data-id=\"c69ed92\" data-element_type=\"container\" data-e-type=\"container\">\n\t\t\t\t<div class=\"elementor-element elementor-element-a55973d elementor-widget elementor-widget-image\" data-id=\"a55973d\" data-element_type=\"widget\" data-e-type=\"widget\" data-widget_type=\"image.default\">\n\t\t\t\t\t\t\t\t\t\t\t\t\t\t\t<img decoding=\"async\" width=\"300\" height=\"276\" src=\"https:\/\/grupocarrara.com.br\/wp-content\/uploads\/2026\/03\/botao2.jpg\" class=\"attachment-large size-large wp-image-294\" alt=\"\" \/>\t\t\t\t\t\t\t\t\t\t\t\t\t\t\t<\/div>\n\t\t\t\t<div class=\"elementor-element elementor-element-092a814 elementor-widget elementor-widget-image\" data-id=\"092a814\" data-element_type=\"widget\" data-e-type=\"widget\" data-widget_type=\"image.default\">\n\t\t\t\t\t\t\t\t\t\t\t\t\t\t\t<img decoding=\"async\" width=\"300\" height=\"276\" src=\"https:\/\/grupocarrara.com.br\/wp-content\/uploads\/2026\/03\/bota1.jpg\" class=\"attachment-large size-large wp-image-295\" alt=\"\" \/>\t\t\t\t\t\t\t\t\t\t\t\t\t\t\t<\/div>\n\t\t\t\t<\/div>\n\t\t<div class=\"elementor-element elementor-element-7bbc8b7 e-con-full e-flex e-con e-child\" data-id=\"7bbc8b7\" data-element_type=\"container\" data-e-type=\"container\">\n\t\t\t\t<\/div>\n\t\t\t\t\t<\/div>\n\t\t\t\t<\/div>\n\t\t\t\t<\/div>\n\t\t","protected":false},"excerpt":{"rendered":"<p>SOLICITE UM OR\u00c7AMENTO O Grupo Carrara possui programas de parceria comercial.O PLANO PARTNER PLUS \u00e9 feito exclusivamente para quem n\u00e3o \u00e9 colaborar e o PROGRAMA DE INDICA\u00c7\u00c3O PREMIADA \u00e9 feito para colaboradores que desejam indicar clientes para empresa.&nbsp;CLique abaixo para saber mais.<\/p>\n","protected":false},"author":1,"featured_media":0,"parent":0,"menu_order":0,"comment_status":"closed","ping_status":"closed","template":"elementor_canvas","meta":{"footnotes":""},"class_list":["post-228","page","type-page","status-publish","hentry"],"_links":{"self":[{"href":"https:\/\/grupocarrara.com.br\/index.php\/wp-json\/wp\/v2\/pages\/228","targetHints":{"allow":["GET"]}}],"collection":[{"href":"https:\/\/grupocarrara.com.br\/index.php\/wp-json\/wp\/v2\/pages"}],"about":[{"href":"https:\/\/grupocarrara.com.br\/index.php\/wp-json\/wp\/v2\/types\/page"}],"author":[{"embeddable":true,"href":"https:\/\/grupocarrara.com.br\/index.php\/wp-json\/wp\/v2\/users\/1"}],"replies":[{"embeddable":true,"href":"https:\/\/grupocarrara.com.br\/index.php\/wp-json\/wp\/v2\/comments?post=228"}],"version-history":[{"count":5,"href":"https:\/\/grupocarrara.com.br\/index.php\/wp-json\/wp\/v2\/pages\/228\/revisions"}],"predecessor-version":[{"id":363,"href":"https:\/\/grupocarrara.com.br\/index.php\/wp-json\/wp\/v2\/pages\/228\/revisions\/363"}],"wp:attachment":[{"href":"https:\/\/grupocarrara.com.br\/index.php\/wp-json\/wp\/v2\/media?parent=228"}],"curies":[{"name":"wp","href":"https:\/\/api.w.org\/{rel}","templated":true}]}}