{"id":12,"date":"2026-03-23T08:37:08","date_gmt":"2026-03-23T11:37:08","guid":{"rendered":"https:\/\/grupocarrara.com.br\/?page_id=12"},"modified":"2026-05-06T15:51:10","modified_gmt":"2026-05-06T18:51:10","slug":"grupo-carrara","status":"publish","type":"page","link":"https:\/\/grupocarrara.com.br\/","title":{"rendered":"Grupo Carrara"},"content":{"rendered":"\t\t<div data-elementor-type=\"wp-page\" data-elementor-id=\"12\" class=\"elementor elementor-12\">\n\t\t\t\t<div class=\"elementor-element elementor-element-a08279f e-flex e-con-boxed e-con e-parent\" data-id=\"a08279f\" data-element_type=\"container\" data-e-type=\"container\">\n\t\t\t\t\t<div class=\"e-con-inner\">\n\t\t<div class=\"elementor-element elementor-element-af944a2 e-con-full e-flex e-con e-child\" data-id=\"af944a2\" data-element_type=\"container\" data-e-type=\"container\">\n\t\t\t\t<\/div>\n\t\t<div class=\"elementor-element elementor-element-1742bc3 e-con-full e-flex e-con e-child\" data-id=\"1742bc3\" data-element_type=\"container\" data-e-type=\"container\">\n\t\t\t\t<div class=\"elementor-element elementor-element-037ef73 elementor-invisible elementor-widget elementor-widget-image\" data-id=\"037ef73\" data-element_type=\"widget\" data-e-type=\"widget\" data-settings=\"{&quot;_animation&quot;:&quot;fadeIn&quot;}\" data-widget_type=\"image.default\">\n\t\t\t\t\t\t\t\t\t\t\t\t\t\t\t\t<a href=\"http:\/\/www.grupocarrara.com.br\">\n\t\t\t\t\t\t\t<img fetchpriority=\"high\" decoding=\"async\" width=\"670\" height=\"275\" src=\"https:\/\/grupocarrara.com.br\/wp-content\/uploads\/2026\/03\/grupocarrara.jpg\" class=\"attachment-large size-large wp-image-191\" alt=\"\" srcset=\"https:\/\/grupocarrara.com.br\/wp-content\/uploads\/2026\/03\/grupocarrara.jpg 670w, https:\/\/grupocarrara.com.br\/wp-content\/uploads\/2026\/03\/grupocarrara-300x123.jpg 300w\" sizes=\"(max-width: 670px) 100vw, 670px\" \/>\t\t\t\t\t\t\t\t<\/a>\n\t\t\t\t\t\t\t\t\t\t\t\t\t\t\t<\/div>\n\t\t\t\t<div class=\"elementor-element elementor-element-7d04d36 elementor-align-justify elementor-invisible elementor-widget elementor-widget-button\" data-id=\"7d04d36\" data-element_type=\"widget\" data-e-type=\"widget\" data-settings=\"{&quot;_animation&quot;:&quot;bounceIn&quot;}\" data-widget_type=\"button.default\">\n\t\t\t\t\t\t\t\t\t\t<a class=\"elementor-button elementor-button-link elementor-size-sm\" href=\"https:\/\/docs.google.com\/forms\/d\/e\/1FAIpQLSfCJ1wyxANHJWJIp3ueCxWPXvN8ZnXAZZZ5Z3pDx03sHyc0fA\/viewform?usp=header\">\n\t\t\t\t\t\t<span class=\"elementor-button-content-wrapper\">\n\t\t\t\t\t\t\t\t\t<span class=\"elementor-button-text\">SOLICITE UM OR\u00c7AMENTO<\/span>\n\t\t\t\t\t<\/span>\n\t\t\t\t\t<\/a>\n\t\t\t\t\t\t\t\t<\/div>\n\t\t\t\t<\/div>\n\t\t<div class=\"elementor-element elementor-element-ab2cc69 e-con-full e-flex e-con e-child\" data-id=\"ab2cc69\" data-element_type=\"container\" data-e-type=\"container\">\n\t\t\t\t<\/div>\n\t\t\t\t\t<\/div>\n\t\t\t\t<\/div>\n\t\t<div class=\"elementor-element elementor-element-963bce2 e-flex e-con-boxed e-con e-parent\" data-id=\"963bce2\" data-element_type=\"container\" data-e-type=\"container\" data-settings=\"{&quot;background_background&quot;:&quot;slideshow&quot;,&quot;background_slideshow_gallery&quot;:[{&quot;id&quot;:21,&quot;url&quot;:&quot;http:\\\/\\\/grupocarrara.com.br\\\/wp-content\\\/uploads\\\/2026\\\/03\\\/fundo.jpg&quot;}],&quot;background_slideshow_loop&quot;:&quot;yes&quot;,&quot;background_slideshow_slide_duration&quot;:5000,&quot;background_slideshow_slide_transition&quot;:&quot;fade&quot;,&quot;background_slideshow_transition_duration&quot;:500}\">\n\t\t\t\t\t<div class=\"e-con-inner\">\n\t\t\t\t<div class=\"elementor-element elementor-element-56449dc elementor-widget elementor-widget-video\" data-id=\"56449dc\" data-element_type=\"widget\" data-e-type=\"widget\" data-settings=\"{&quot;video_type&quot;:&quot;hosted&quot;,&quot;autoplay&quot;:&quot;yes&quot;,&quot;play_on_mobile&quot;:&quot;yes&quot;,&quot;mute&quot;:&quot;yes&quot;,&quot;loop&quot;:&quot;yes&quot;,&quot;controls&quot;:&quot;yes&quot;}\" data-widget_type=\"video.default\">\n\t\t\t\t\t\t\t<div class=\"e-hosted-video elementor-wrapper elementor-open-inline\">\n\t\t\t\t\t<video class=\"elementor-video\" src=\"http:\/\/grupocarrara.com.br\/wp-content\/uploads\/2026\/03\/Sempre-com-voc.-1920-x-1080-px-1.mp4\" autoplay=\"\" loop=\"\" controls=\"\" muted=\"muted\" playsinline=\"\"><\/video>\n\t\t\t\t<\/div>\n\t\t\t\t\t\t<\/div>\n\t\t\t\t\t<\/div>\n\t\t\t\t<\/div>\n\t\t<div class=\"elementor-element elementor-element-f25f5b9 e-flex e-con-boxed e-con e-parent\" data-id=\"f25f5b9\" data-element_type=\"container\" data-e-type=\"container\">\n\t\t\t\t\t<div class=\"e-con-inner\">\n\t\t<div class=\"elementor-element elementor-element-e458504 e-con-full e-flex e-con e-child\" data-id=\"e458504\" data-element_type=\"container\" data-e-type=\"container\">\n\t\t\t\t<div class=\"elementor-element elementor-element-811159a elementor-widget elementor-widget-text-editor\" data-id=\"811159a\" data-element_type=\"widget\" data-e-type=\"widget\" data-widget_type=\"text-editor.default\">\n\t\t\t\t\t\t\t\t\t<p>&nbsp;O Grupo Carrara \u00e9 uma empresa brasileira de terceiriza\u00e7\u00e3o de servi\u00e7os, com 25 anos de atua\u00e7\u00e3o no mercado, reconhecida pela excel\u00eancia, confiabilidade e inova\u00e7\u00e3o.<\/p>\n<p>Especializada em seguran\u00e7a, facilities e manuten\u00e7\u00e3o predial, a empresa atende diversos setores da economia, como grandes empresas, ind\u00fastrias, condom\u00ednios, hospitais, centros log\u00edsticos, shoppings centers e o agroneg\u00f3cio, oferecendo solu\u00e7\u00f5es completas, personalizadas e de alto desempenho.<\/p>\n<p><span style=\"font-size: 1rem;\">Com&nbsp;presen\u00e7a nacional&nbsp;e forte foco em&nbsp;tecnologia aplicada, o Grupo Carrara desenvolve projetos sob medida, alinhando&nbsp;pessoas qualificadas, processos eficientes e recursos tecnol\u00f3gicos avan\u00e7ados, sempre com o objetivo de proteger patrim\u00f4nios, otimizar opera\u00e7\u00f5es e gerar tranquilidade aos seus clientes.&nbsp;<\/span><\/p>\t\t\t\t\t\t\t\t<\/div>\n\t\t\t\t<\/div>\n\t\t<div class=\"elementor-element elementor-element-2a89a66 e-con-full e-flex e-con e-child\" data-id=\"2a89a66\" data-element_type=\"container\" data-e-type=\"container\">\n\t\t\t\t<div class=\"elementor-element elementor-element-ab794ea elementor-align-justify elementor-widget elementor-widget-button\" data-id=\"ab794ea\" data-element_type=\"widget\" data-e-type=\"widget\" data-widget_type=\"button.default\">\n\t\t\t\t\t\t\t\t\t\t<a class=\"elementor-button elementor-button-link elementor-size-sm\" href=\"https:\/\/grupocarrara.com.br\/index.php\/sobre-o-grupo-carrara\/\">\n\t\t\t\t\t\t<span class=\"elementor-button-content-wrapper\">\n\t\t\t\t\t\t\t\t\t<span class=\"elementor-button-text\">Sobre o Grupo Carrara<\/span>\n\t\t\t\t\t<\/span>\n\t\t\t\t\t<\/a>\n\t\t\t\t\t\t\t\t<\/div>\n\t\t\t\t<div class=\"elementor-element elementor-element-6ccb51e elementor-align-justify elementor-widget elementor-widget-button\" data-id=\"6ccb51e\" data-element_type=\"widget\" data-e-type=\"widget\" data-widget_type=\"button.default\">\n\t\t\t\t\t\t\t\t\t\t<a class=\"elementor-button elementor-button-link elementor-size-sm\" href=\"https:\/\/grupocarrara.com.br\/index.php\/nossos-servicos\/\">\n\t\t\t\t\t\t<span class=\"elementor-button-content-wrapper\">\n\t\t\t\t\t\t\t\t\t<span class=\"elementor-button-text\">Nossos Servi\u00e7os<\/span>\n\t\t\t\t\t<\/span>\n\t\t\t\t\t<\/a>\n\t\t\t\t\t\t\t\t<\/div>\n\t\t\t\t<div class=\"elementor-element elementor-element-d229c46 elementor-align-justify elementor-widget elementor-widget-button\" data-id=\"d229c46\" data-element_type=\"widget\" data-e-type=\"widget\" data-widget_type=\"button.default\">\n\t\t\t\t\t\t\t\t\t\t<a class=\"elementor-button elementor-button-link elementor-size-sm\" href=\"https:\/\/docs.google.com\/forms\/d\/e\/1FAIpQLSf2Bv0pyBoNA3FrzMKBnlduU1kysHpfrYLJcCsZMDUs9QPTXA\/viewform?usp=header\">\n\t\t\t\t\t\t<span class=\"elementor-button-content-wrapper\">\n\t\t\t\t\t\t\t\t\t<span class=\"elementor-button-text\">Suporte ao Colaborador<\/span>\n\t\t\t\t\t<\/span>\n\t\t\t\t\t<\/a>\n\t\t\t\t\t\t\t\t<\/div>\n\t\t\t\t<div class=\"elementor-element elementor-element-1a3389a elementor-align-justify elementor-widget elementor-widget-button\" data-id=\"1a3389a\" data-element_type=\"widget\" data-e-type=\"widget\" data-widget_type=\"button.default\">\n\t\t\t\t\t\t\t\t\t\t<a class=\"elementor-button elementor-button-link elementor-size-sm\" href=\"https:\/\/docs.google.com\/forms\/d\/e\/1FAIpQLSegdAbIxX6KfvlPVJtLLpPBIzCUqXUx-WjAoiWDEp-R9wCZGQ\/viewform?usp=header\">\n\t\t\t\t\t\t<span class=\"elementor-button-content-wrapper\">\n\t\t\t\t\t\t\t\t\t<span class=\"elementor-button-text\">Suporte ao Cliente<\/span>\n\t\t\t\t\t<\/span>\n\t\t\t\t\t<\/a>\n\t\t\t\t\t\t\t\t<\/div>\n\t\t\t\t<div class=\"elementor-element elementor-element-2621d32 elementor-align-justify elementor-widget elementor-widget-button\" data-id=\"2621d32\" data-element_type=\"widget\" data-e-type=\"widget\" data-widget_type=\"button.default\">\n\t\t\t\t\t\t\t\t\t\t<a class=\"elementor-button elementor-button-link elementor-size-sm\" href=\"https:\/\/docs.google.com\/forms\/d\/e\/1FAIpQLScFBwWSvCemFPFarU_9OvkHv_ruY_Ax2wvoyikfCJAcU0LeSw\/viewform?usp=header\">\n\t\t\t\t\t\t<span class=\"elementor-button-content-wrapper\">\n\t\t\t\t\t\t\t\t\t<span class=\"elementor-button-text\">Trabalhe no Grupo Carrara<\/span>\n\t\t\t\t\t<\/span>\n\t\t\t\t\t<\/a>\n\t\t\t\t\t\t\t\t<\/div>\n\t\t\t\t<div class=\"elementor-element elementor-element-6072f7a elementor-align-justify elementor-widget elementor-widget-button\" data-id=\"6072f7a\" data-element_type=\"widget\" data-e-type=\"widget\" data-widget_type=\"button.default\">\n\t\t\t\t\t\t\t\t\t\t<a class=\"elementor-button elementor-button-link elementor-size-sm\" href=\"https:\/\/grupocarrara.com.br\/index.php\/canal-de-denuncias-3\/\">\n\t\t\t\t\t\t<span class=\"elementor-button-content-wrapper\">\n\t\t\t\t\t\t\t\t\t<span class=\"elementor-button-text\">Canal de Den\u00fancias<\/span>\n\t\t\t\t\t<\/span>\n\t\t\t\t\t<\/a>\n\t\t\t\t\t\t\t\t<\/div>\n\t\t\t\t<div class=\"elementor-element elementor-element-e462ede elementor-align-justify elementor-button-warning elementor-widget elementor-widget-button\" data-id=\"e462ede\" data-element_type=\"widget\" data-e-type=\"widget\" data-widget_type=\"button.default\">\n\t\t\t\t\t\t\t\t\t\t<a class=\"elementor-button elementor-button-link elementor-size-sm\" href=\"https:\/\/docs.google.com\/forms\/d\/e\/1FAIpQLSfCJ1wyxANHJWJIp3ueCxWPXvN8ZnXAZZZ5Z3pDx03sHyc0fA\/viewform?usp=header\">\n\t\t\t\t\t\t<span class=\"elementor-button-content-wrapper\">\n\t\t\t\t\t\t\t\t\t<span class=\"elementor-button-text\">Solicite um Or\u00e7amento<\/span>\n\t\t\t\t\t<\/span>\n\t\t\t\t\t<\/a>\n\t\t\t\t\t\t\t\t<\/div>\n\t\t\t\t<\/div>\n\t\t\t\t\t<\/div>\n\t\t\t\t<\/div>\n\t\t<div class=\"elementor-element elementor-element-b8a139a e-grid e-con-boxed e-con e-parent\" data-id=\"b8a139a\" data-element_type=\"container\" data-e-type=\"container\">\n\t\t\t\t\t<div class=\"e-con-inner\">\n\t\t\t\t<div class=\"elementor-element elementor-element-0a4a5ca elementor-widget elementor-widget-image\" data-id=\"0a4a5ca\" data-element_type=\"widget\" data-e-type=\"widget\" data-widget_type=\"image.default\">\n\t\t\t\t\t\t\t\t\t\t\t\t\t\t\t\t<a href=\"https:\/\/grupocarrara.com.br\/index.php\/redes-sociais\/\">\n\t\t\t\t\t\t\t<img decoding=\"async\" width=\"359\" height=\"239\" src=\"https:\/\/grupocarrara.com.br\/wp-content\/uploads\/2026\/03\/bt6.jpg\" class=\"attachment-large size-large wp-image-44\" alt=\"\" srcset=\"https:\/\/grupocarrara.com.br\/wp-content\/uploads\/2026\/03\/bt6.jpg 359w, https:\/\/grupocarrara.com.br\/wp-content\/uploads\/2026\/03\/bt6-300x200.jpg 300w\" sizes=\"(max-width: 359px) 100vw, 359px\" \/>\t\t\t\t\t\t\t\t<\/a>\n\t\t\t\t\t\t\t\t\t\t\t\t\t\t\t<\/div>\n\t\t\t\t<div class=\"elementor-element elementor-element-83dec63 elementor-widget elementor-widget-image\" data-id=\"83dec63\" data-element_type=\"widget\" data-e-type=\"widget\" data-widget_type=\"image.default\">\n\t\t\t\t\t\t\t\t\t\t\t\t\t\t\t\t<a href=\"https:\/\/grupocarrara.com.br\/index.php\/parcerias\/\">\n\t\t\t\t\t\t\t<img decoding=\"async\" width=\"359\" height=\"240\" src=\"https:\/\/grupocarrara.com.br\/wp-content\/uploads\/2026\/03\/bt5.jpg\" class=\"attachment-large size-large wp-image-43\" alt=\"\" srcset=\"https:\/\/grupocarrara.com.br\/wp-content\/uploads\/2026\/03\/bt5.jpg 359w, https:\/\/grupocarrara.com.br\/wp-content\/uploads\/2026\/03\/bt5-300x201.jpg 300w\" sizes=\"(max-width: 359px) 100vw, 359px\" \/>\t\t\t\t\t\t\t\t<\/a>\n\t\t\t\t\t\t\t\t\t\t\t\t\t\t\t<\/div>\n\t\t\t\t<div class=\"elementor-element elementor-element-188d914 elementor-widget elementor-widget-image\" data-id=\"188d914\" data-element_type=\"widget\" data-e-type=\"widget\" data-widget_type=\"image.default\">\n\t\t\t\t\t\t\t\t\t\t\t\t\t\t\t\t<a href=\"https:\/\/grupocarrara.com.br\/index.php\/vantagens\/\">\n\t\t\t\t\t\t\t<img loading=\"lazy\" decoding=\"async\" width=\"358\" height=\"240\" src=\"https:\/\/grupocarrara.com.br\/wp-content\/uploads\/2026\/03\/bt1.jpg\" class=\"attachment-large size-large wp-image-39\" alt=\"\" srcset=\"https:\/\/grupocarrara.com.br\/wp-content\/uploads\/2026\/03\/bt1.jpg 358w, https:\/\/grupocarrara.com.br\/wp-content\/uploads\/2026\/03\/bt1-300x201.jpg 300w\" sizes=\"(max-width: 358px) 100vw, 358px\" \/>\t\t\t\t\t\t\t\t<\/a>\n\t\t\t\t\t\t\t\t\t\t\t\t\t\t\t<\/div>\n\t\t\t\t<div class=\"elementor-element elementor-element-981d5a7 elementor-widget elementor-widget-image\" data-id=\"981d5a7\" data-element_type=\"widget\" data-e-type=\"widget\" data-widget_type=\"image.default\">\n\t\t\t\t\t\t\t\t\t\t\t\t\t\t\t\t<a href=\"https:\/\/grupocarrara.com.br\/index.php\/condominios\/\">\n\t\t\t\t\t\t\t<img loading=\"lazy\" decoding=\"async\" width=\"359\" height=\"240\" src=\"https:\/\/grupocarrara.com.br\/wp-content\/uploads\/2026\/03\/bt2.jpg\" class=\"attachment-large size-large wp-image-40\" alt=\"\" srcset=\"https:\/\/grupocarrara.com.br\/wp-content\/uploads\/2026\/03\/bt2.jpg 359w, https:\/\/grupocarrara.com.br\/wp-content\/uploads\/2026\/03\/bt2-300x201.jpg 300w\" sizes=\"(max-width: 359px) 100vw, 359px\" \/>\t\t\t\t\t\t\t\t<\/a>\n\t\t\t\t\t\t\t\t\t\t\t\t\t\t\t<\/div>\n\t\t\t\t<div class=\"elementor-element elementor-element-0a8cdd9 elementor-widget elementor-widget-image\" data-id=\"0a8cdd9\" data-element_type=\"widget\" data-e-type=\"widget\" data-widget_type=\"image.default\">\n\t\t\t\t\t\t\t\t\t\t\t\t\t\t\t\t<a href=\"https:\/\/grupocarrara.com.br\/index.php\/empresas\/\">\n\t\t\t\t\t\t\t<img loading=\"lazy\" decoding=\"async\" width=\"359\" height=\"240\" src=\"https:\/\/grupocarrara.com.br\/wp-content\/uploads\/2026\/03\/bt3.jpg\" class=\"attachment-large size-large wp-image-41\" alt=\"\" srcset=\"https:\/\/grupocarrara.com.br\/wp-content\/uploads\/2026\/03\/bt3.jpg 359w, https:\/\/grupocarrara.com.br\/wp-content\/uploads\/2026\/03\/bt3-300x201.jpg 300w\" sizes=\"(max-width: 359px) 100vw, 359px\" \/>\t\t\t\t\t\t\t\t<\/a>\n\t\t\t\t\t\t\t\t\t\t\t\t\t\t\t<\/div>\n\t\t\t\t<div class=\"elementor-element elementor-element-893e9ee elementor-widget elementor-widget-image\" data-id=\"893e9ee\" data-element_type=\"widget\" data-e-type=\"widget\" data-widget_type=\"image.default\">\n\t\t\t\t\t\t\t\t\t\t\t\t\t\t\t\t<a href=\"https:\/\/grupocarrara.com.br\/index.php\/seguranca\/\">\n\t\t\t\t\t\t\t<img loading=\"lazy\" decoding=\"async\" width=\"359\" height=\"240\" src=\"https:\/\/grupocarrara.com.br\/wp-content\/uploads\/2026\/03\/bt4.jpg\" class=\"attachment-large size-large wp-image-42\" alt=\"\" srcset=\"https:\/\/grupocarrara.com.br\/wp-content\/uploads\/2026\/03\/bt4.jpg 359w, https:\/\/grupocarrara.com.br\/wp-content\/uploads\/2026\/03\/bt4-300x201.jpg 300w\" sizes=\"(max-width: 359px) 100vw, 359px\" \/>\t\t\t\t\t\t\t\t<\/a>\n\t\t\t\t\t\t\t\t\t\t\t\t\t\t\t<\/div>\n\t\t\t\t\t<\/div>\n\t\t\t\t<\/div>\n\t\t<div class=\"elementor-element elementor-element-4c1e2e5 e-flex e-con-boxed e-con e-parent\" data-id=\"4c1e2e5\" data-element_type=\"container\" data-e-type=\"container\">\n\t\t\t\t\t<div class=\"e-con-inner\">\n\t\t\t\t<div class=\"elementor-element elementor-element-dde8c5e elementor-widget-divider--view-line elementor-widget elementor-widget-divider\" data-id=\"dde8c5e\" data-element_type=\"widget\" data-e-type=\"widget\" data-widget_type=\"divider.default\">\n\t\t\t\t\t\t\t<div class=\"elementor-divider\">\n\t\t\t<span class=\"elementor-divider-separator\">\n\t\t\t\t\t\t<\/span>\n\t\t<\/div>\n\t\t\t\t\t\t<\/div>\n\t\t\t\t\t<\/div>\n\t\t\t\t<\/div>\n\t\t<div class=\"elementor-element elementor-element-26c9385 e-flex e-con-boxed e-con e-parent\" data-id=\"26c9385\" data-element_type=\"container\" data-e-type=\"container\" data-settings=\"{&quot;background_background&quot;:&quot;slideshow&quot;,&quot;background_slideshow_gallery&quot;:[{&quot;id&quot;:21,&quot;url&quot;:&quot;http:\\\/\\\/grupocarrara.com.br\\\/wp-content\\\/uploads\\\/2026\\\/03\\\/fundo.jpg&quot;}],&quot;background_slideshow_loop&quot;:&quot;yes&quot;,&quot;background_slideshow_slide_duration&quot;:5000,&quot;background_slideshow_slide_transition&quot;:&quot;fade&quot;,&quot;background_slideshow_transition_duration&quot;:500}\">\n\t\t\t\t\t<div class=\"e-con-inner\">\n\t\t<div class=\"elementor-element elementor-element-c476a5b e-con-full e-flex e-con e-child\" data-id=\"c476a5b\" data-element_type=\"container\" data-e-type=\"container\">\n\t\t\t\t<\/div>\n\t\t<div class=\"elementor-element elementor-element-5e5c5f7 e-con-full e-flex e-con e-child\" data-id=\"5e5c5f7\" data-element_type=\"container\" data-e-type=\"container\">\n\t\t\t\t<div class=\"elementor-element elementor-element-66b6a5d elementor-widget elementor-widget-video\" data-id=\"66b6a5d\" data-element_type=\"widget\" data-e-type=\"widget\" data-settings=\"{&quot;video_type&quot;:&quot;hosted&quot;,&quot;autoplay&quot;:&quot;yes&quot;,&quot;mute&quot;:&quot;yes&quot;,&quot;loop&quot;:&quot;yes&quot;,&quot;controls&quot;:&quot;yes&quot;}\" data-widget_type=\"video.default\">\n\t\t\t\t\t\t\t<div class=\"e-hosted-video elementor-wrapper elementor-open-inline\">\n\t\t\t\t\t<video class=\"elementor-video\" src=\"http:\/\/grupocarrara.com.br\/wp-content\/uploads\/2026\/03\/Vigilancia-2.mp4\" autoplay=\"\" loop=\"\" controls=\"\" muted=\"muted\"><\/video>\n\t\t\t\t<\/div>\n\t\t\t\t\t\t<\/div>\n\t\t\t\t<\/div>\n\t\t<div class=\"elementor-element elementor-element-fcf74a7 e-con-full e-flex e-con e-child\" data-id=\"fcf74a7\" data-element_type=\"container\" data-e-type=\"container\">\n\t\t\t\t<\/div>\n\t\t\t\t\t<\/div>\n\t\t\t\t<\/div>\n\t\t<div class=\"elementor-element elementor-element-ea8f0d7 e-flex e-con-boxed e-con e-parent\" data-id=\"ea8f0d7\" data-element_type=\"container\" data-e-type=\"container\">\n\t\t\t\t\t<div class=\"e-con-inner\">\n\t\t<div class=\"elementor-element elementor-element-c5accf2 e-con-full e-flex e-con e-child\" data-id=\"c5accf2\" data-element_type=\"container\" data-e-type=\"container\">\n\t\t\t\t<\/div>\n\t\t<div class=\"elementor-element elementor-element-147ffc7 e-con-full e-flex e-con e-child\" data-id=\"147ffc7\" data-element_type=\"container\" data-e-type=\"container\">\n\t\t\t\t<div class=\"elementor-element elementor-element-5d685ea elementor-widget elementor-widget-image\" data-id=\"5d685ea\" data-element_type=\"widget\" data-e-type=\"widget\" data-widget_type=\"image.default\">\n\t\t\t\t\t\t\t\t\t\t\t\t\t\t\t<img loading=\"lazy\" decoding=\"async\" width=\"800\" height=\"418\" src=\"https:\/\/grupocarrara.com.br\/wp-content\/uploads\/2026\/03\/maisde-1024x535-1.jpg\" class=\"attachment-large size-large wp-image-52\" alt=\"\" srcset=\"https:\/\/grupocarrara.com.br\/wp-content\/uploads\/2026\/03\/maisde-1024x535-1.jpg 1024w, https:\/\/grupocarrara.com.br\/wp-content\/uploads\/2026\/03\/maisde-1024x535-1-300x157.jpg 300w, https:\/\/grupocarrara.com.br\/wp-content\/uploads\/2026\/03\/maisde-1024x535-1-768x401.jpg 768w\" sizes=\"(max-width: 800px) 100vw, 800px\" \/>\t\t\t\t\t\t\t\t\t\t\t\t\t\t\t<\/div>\n\t\t\t\t<\/div>\n\t\t<div class=\"elementor-element elementor-element-a929b8b e-con-full e-flex e-con e-child\" data-id=\"a929b8b\" data-element_type=\"container\" data-e-type=\"container\">\n\t\t\t\t<\/div>\n\t\t\t\t\t<\/div>\n\t\t\t\t<\/div>\n\t\t<div class=\"elementor-element elementor-element-67501d3 e-flex e-con-boxed e-con e-parent\" data-id=\"67501d3\" data-element_type=\"container\" data-e-type=\"container\">\n\t\t\t\t\t<div class=\"e-con-inner\">\n\t\t<div class=\"elementor-element elementor-element-9f500ea e-con-full e-flex e-con e-child\" data-id=\"9f500ea\" data-element_type=\"container\" data-e-type=\"container\">\n\t\t\t\t<\/div>\n\t\t<div class=\"elementor-element elementor-element-0b9161d e-con-full e-flex e-con e-child\" data-id=\"0b9161d\" data-element_type=\"container\" data-e-type=\"container\">\n\t\t\t\t<div class=\"elementor-element elementor-element-cec1214 elementor-widget elementor-widget-image\" data-id=\"cec1214\" data-element_type=\"widget\" data-e-type=\"widget\" data-widget_type=\"image.default\">\n\t\t\t\t\t\t\t\t\t\t\t\t\t\t\t<img loading=\"lazy\" decoding=\"async\" width=\"768\" height=\"182\" src=\"https:\/\/grupocarrara.com.br\/wp-content\/uploads\/2026\/03\/selos-1024x243-1-768x182.jpg\" class=\"attachment-medium_large size-medium_large wp-image-53\" alt=\"\" srcset=\"https:\/\/grupocarrara.com.br\/wp-content\/uploads\/2026\/03\/selos-1024x243-1-768x182.jpg 768w, https:\/\/grupocarrara.com.br\/wp-content\/uploads\/2026\/03\/selos-1024x243-1-300x71.jpg 300w, https:\/\/grupocarrara.com.br\/wp-content\/uploads\/2026\/03\/selos-1024x243-1.jpg 1024w\" sizes=\"(max-width: 768px) 100vw, 768px\" \/>\t\t\t\t\t\t\t\t\t\t\t\t\t\t\t<\/div>\n\t\t\t\t<\/div>\n\t\t<div class=\"elementor-element elementor-element-f2c340d e-con-full e-flex e-con e-child\" data-id=\"f2c340d\" data-element_type=\"container\" data-e-type=\"container\">\n\t\t\t\t<\/div>\n\t\t\t\t\t<\/div>\n\t\t\t\t<\/div>\n\t\t<div class=\"elementor-element elementor-element-7c81e43 e-flex e-con-boxed e-con e-parent\" data-id=\"7c81e43\" data-element_type=\"container\" data-e-type=\"container\" data-settings=\"{&quot;background_background&quot;:&quot;classic&quot;}\">\n\t\t\t\t\t<div class=\"e-con-inner\">\n\t\t<div class=\"elementor-element elementor-element-e008b6e e-con-full e-flex e-con e-child\" data-id=\"e008b6e\" data-element_type=\"container\" data-e-type=\"container\">\n\t\t\t\t<div class=\"elementor-element elementor-element-468ea40 elementor-widget elementor-widget-text-editor\" data-id=\"468ea40\" data-element_type=\"widget\" data-e-type=\"widget\" data-widget_type=\"text-editor.default\">\n\t\t\t\t\t\t\t\t\t<p><i>Bases em:<br \/>Santos &#8211; SP<br \/>S\u00e3o Paulo &#8211; SP<br \/>S\u00e3o Jos\u00e9 dos Campos &#8211; SJC<br \/>Curitiba &#8211; Paran\u00e1<br \/>Assunci\u00f3n &#8211; Paraguai<\/i><\/p><p>\u00a0<\/p><p><i><b>Atendimento Nacional 24h &#8211; (11) 2084 8171<\/b><\/i><\/p>\t\t\t\t\t\t\t\t<\/div>\n\t\t\t\t<\/div>\n\t\t<div class=\"elementor-element elementor-element-9802e21 e-con-full e-flex e-con e-child\" data-id=\"9802e21\" data-element_type=\"container\" data-e-type=\"container\">\n\t\t\t\t<div class=\"elementor-element elementor-element-d821c23 elementor-widget elementor-widget-text-editor\" data-id=\"d821c23\" data-element_type=\"widget\" data-e-type=\"widget\" data-widget_type=\"text-editor.default\">\n\t\t\t\t\t\t\t\t\t<p><strong>Mapa do Site:<\/strong><br \/><a href=\"http:\/\/grupocarrara.com.br\">Home<br \/><\/a><a href=\"https:\/\/docs.google.com\/forms\/d\/e\/1FAIpQLSf2Bv0pyBoNA3FrzMKBnlduU1kysHpfrYLJcCsZMDUs9QPTXA\/viewform\">Sobre o Grupo Carrara<\/a><br \/><a href=\"https:\/\/grupocarrara.com.br\/index.php\/sobre-o-grupo-carrara\/\">Nossos Servi\u00e7os<\/a><br \/><a href=\"https:\/\/docs.google.com\/forms\/d\/e\/1FAIpQLSf2Bv0pyBoNA3FrzMKBnlduU1kysHpfrYLJcCsZMDUs9QPTXA\/viewform\">Suporte ao Colaborador<\/a><br \/><a href=\"https:\/\/docs.google.com\/forms\/d\/e\/1FAIpQLSegdAbIxX6KfvlPVJtLLpPBIzCUqXUx-WjAoiWDEp-R9wCZGQ\/viewform\">Suporte ao Cliente<\/a>\u00a0<br \/><a href=\"https:\/\/docs.google.com\/forms\/d\/e\/1FAIpQLScFBwWSvCemFPFarU_9OvkHv_ruY_Ax2wvoyikfCJAcU0LeSw\/viewform\">Trabalhe no Grupo Carrara<\/a><br \/>Canal de Den\u00fancias<br \/><br \/><\/p>\t\t\t\t\t\t\t\t<\/div>\n\t\t\t\t<\/div>\n\t\t\t\t\t<\/div>\n\t\t\t\t<\/div>\n\t\t<div class=\"elementor-element elementor-element-8763c71 e-flex e-con-boxed e-con e-parent\" data-id=\"8763c71\" data-element_type=\"container\" data-e-type=\"container\">\n\t\t\t\t\t<div class=\"e-con-inner\">\n\t\t\t\t<div class=\"elementor-element elementor-element-a347cae elementor-widget elementor-widget-image\" data-id=\"a347cae\" data-element_type=\"widget\" data-e-type=\"widget\" data-widget_type=\"image.default\">\n\t\t\t\t\t\t\t\t\t\t\t\t\t\t\t<img loading=\"lazy\" decoding=\"async\" width=\"800\" height=\"565\" src=\"https:\/\/grupocarrara.com.br\/wp-content\/uploads\/2026\/04\/idio-1024x723.jpg\" class=\"attachment-large size-large wp-image-332\" alt=\"\" srcset=\"https:\/\/grupocarrara.com.br\/wp-content\/uploads\/2026\/04\/idio-1024x723.jpg 1024w, https:\/\/grupocarrara.com.br\/wp-content\/uploads\/2026\/04\/idio-300x212.jpg 300w, https:\/\/grupocarrara.com.br\/wp-content\/uploads\/2026\/04\/idio-768x542.jpg 768w, https:\/\/grupocarrara.com.br\/wp-content\/uploads\/2026\/04\/idio.jpg 1103w\" sizes=\"(max-width: 800px) 100vw, 800px\" \/>\t\t\t\t\t\t\t\t\t\t\t\t\t\t\t<\/div>\n\t\t\t\t\t<\/div>\n\t\t\t\t<\/div>\n\t\t\t\t<\/div>\n\t\t","protected":false},"excerpt":{"rendered":"<p>SOLICITE UM OR\u00c7AMENTO http:\/\/grupocarrara.com.br\/wp-content\/uploads\/2026\/03\/Sempre-com-voc.-1920-x-1080-px-1.mp4 &nbsp;O Grupo Carrara \u00e9 uma empresa brasileira de terceiriza\u00e7\u00e3o de servi\u00e7os, com 25 anos de atua\u00e7\u00e3o no mercado, reconhecida pela excel\u00eancia, confiabilidade e inova\u00e7\u00e3o. Especializada em seguran\u00e7a, facilities e manuten\u00e7\u00e3o predial, a empresa atende diversos setores da economia, como grandes empresas, ind\u00fastrias, condom\u00ednios, hospitais, centros log\u00edsticos, shoppings centers e o agroneg\u00f3cio, [&hellip;]<\/p>\n","protected":false},"author":1,"featured_media":0,"parent":0,"menu_order":0,"comment_status":"closed","ping_status":"closed","template":"elementor_canvas","meta":{"footnotes":""},"class_list":["post-12","page","type-page","status-publish","hentry"],"_links":{"self":[{"href":"https:\/\/grupocarrara.com.br\/index.php\/wp-json\/wp\/v2\/pages\/12","targetHints":{"allow":["GET"]}}],"collection":[{"href":"https:\/\/grupocarrara.com.br\/index.php\/wp-json\/wp\/v2\/pages"}],"about":[{"href":"https:\/\/grupocarrara.com.br\/index.php\/wp-json\/wp\/v2\/types\/page"}],"author":[{"embeddable":true,"href":"https:\/\/grupocarrara.com.br\/index.php\/wp-json\/wp\/v2\/users\/1"}],"replies":[{"embeddable":true,"href":"https:\/\/grupocarrara.com.br\/index.php\/wp-json\/wp\/v2\/comments?post=12"}],"version-history":[{"count":178,"href":"https:\/\/grupocarrara.com.br\/index.php\/wp-json\/wp\/v2\/pages\/12\/revisions"}],"predecessor-version":[{"id":370,"href":"https:\/\/grupocarrara.com.br\/index.php\/wp-json\/wp\/v2\/pages\/12\/revisions\/370"}],"wp:attachment":[{"href":"https:\/\/grupocarrara.com.br\/index.php\/wp-json\/wp\/v2\/media?parent=12"}],"curies":[{"name":"wp","href":"https:\/\/api.w.org\/{rel}","templated":true}]}}