{"id":119,"date":"2026-03-23T11:31:26","date_gmt":"2026-03-23T14:31:26","guid":{"rendered":"https:\/\/grupocarrara.com.br\/?page_id=119"},"modified":"2026-03-23T12:33:23","modified_gmt":"2026-03-23T15:33:23","slug":"sobre-o-grupo-carrara","status":"publish","type":"page","link":"https:\/\/grupocarrara.com.br\/index.php\/sobre-o-grupo-carrara\/","title":{"rendered":"SObre o Grupo Carrara"},"content":{"rendered":"\t\t<div data-elementor-type=\"wp-page\" data-elementor-id=\"119\" class=\"elementor elementor-119\">\n\t\t\t\t<div class=\"elementor-element elementor-element-8871fd9 e-flex e-con-boxed e-con e-parent\" data-id=\"8871fd9\" data-element_type=\"container\" data-e-type=\"container\">\n\t\t\t\t\t<div class=\"e-con-inner\">\n\t\t<div class=\"elementor-element elementor-element-8113c8d e-con-full e-flex e-con e-child\" data-id=\"8113c8d\" data-element_type=\"container\" data-e-type=\"container\">\n\t\t\t\t<\/div>\n\t\t<div class=\"elementor-element elementor-element-ef27f21 e-con-full e-flex e-con e-child\" data-id=\"ef27f21\" data-element_type=\"container\" data-e-type=\"container\">\n\t\t\t\t<div class=\"elementor-element elementor-element-74f7ebc elementor-widget elementor-widget-image\" data-id=\"74f7ebc\" data-element_type=\"widget\" data-e-type=\"widget\" data-widget_type=\"image.default\">\n\t\t\t\t\t\t\t\t\t\t\t\t\t\t\t\t<a href=\"http:\/\/www.grupocarrara.com.br\">\n\t\t\t\t\t\t\t<img fetchpriority=\"high\" decoding=\"async\" width=\"670\" height=\"275\" src=\"https:\/\/grupocarrara.com.br\/wp-content\/uploads\/2026\/03\/grupocarrara.jpg\" class=\"attachment-large size-large wp-image-191\" alt=\"\" srcset=\"https:\/\/grupocarrara.com.br\/wp-content\/uploads\/2026\/03\/grupocarrara.jpg 670w, https:\/\/grupocarrara.com.br\/wp-content\/uploads\/2026\/03\/grupocarrara-300x123.jpg 300w\" sizes=\"(max-width: 670px) 100vw, 670px\" \/>\t\t\t\t\t\t\t\t<\/a>\n\t\t\t\t\t\t\t\t\t\t\t\t\t\t\t<\/div>\n\t\t\t\t<div class=\"elementor-element elementor-element-8c31b00 elementor-align-justify elementor-widget elementor-widget-button\" data-id=\"8c31b00\" data-element_type=\"widget\" data-e-type=\"widget\" data-widget_type=\"button.default\">\n\t\t\t\t\t\t\t\t\t\t<a class=\"elementor-button elementor-button-link elementor-size-sm\" href=\"https:\/\/docs.google.com\/forms\/d\/e\/1FAIpQLSfCJ1wyxANHJWJIp3ueCxWPXvN8ZnXAZZZ5Z3pDx03sHyc0fA\/viewform?usp=header\">\n\t\t\t\t\t\t<span class=\"elementor-button-content-wrapper\">\n\t\t\t\t\t\t\t\t\t<span class=\"elementor-button-text\">SOLICITE UM OR\u00c7AMENTO<\/span>\n\t\t\t\t\t<\/span>\n\t\t\t\t\t<\/a>\n\t\t\t\t\t\t\t\t<\/div>\n\t\t\t\t<\/div>\n\t\t<div class=\"elementor-element elementor-element-45ed53d e-con-full e-flex e-con e-child\" data-id=\"45ed53d\" data-element_type=\"container\" data-e-type=\"container\">\n\t\t\t\t<\/div>\n\t\t\t\t\t<\/div>\n\t\t\t\t<\/div>\n\t\t<div class=\"elementor-element elementor-element-d1eb0d7 e-flex e-con-boxed e-con e-parent\" data-id=\"d1eb0d7\" data-element_type=\"container\" data-e-type=\"container\" data-settings=\"{&quot;background_background&quot;:&quot;classic&quot;}\">\n\t\t\t\t\t<div class=\"e-con-inner\">\n\t\t\t\t<div class=\"elementor-element elementor-element-31cabad elementor-widget elementor-widget-video\" data-id=\"31cabad\" data-element_type=\"widget\" data-e-type=\"widget\" data-settings=\"{&quot;video_type&quot;:&quot;hosted&quot;,&quot;autoplay&quot;:&quot;yes&quot;,&quot;play_on_mobile&quot;:&quot;yes&quot;,&quot;mute&quot;:&quot;yes&quot;,&quot;loop&quot;:&quot;yes&quot;,&quot;controls&quot;:&quot;yes&quot;}\" data-widget_type=\"video.default\">\n\t\t\t\t\t\t\t<div class=\"e-hosted-video elementor-wrapper elementor-open-inline\">\n\t\t\t\t\t<video class=\"elementor-video\" src=\"http:\/\/grupocarrara.com.br\/wp-content\/uploads\/2026\/03\/APRESENTACAO-GRUPO-CARRARA-1-3-1.mp4\" autoplay=\"\" loop=\"\" controls=\"\" muted=\"muted\" playsinline=\"\"><\/video>\n\t\t\t\t<\/div>\n\t\t\t\t\t\t<\/div>\n\t\t\t\t\t<\/div>\n\t\t\t\t<\/div>\n\t\t<div class=\"elementor-element elementor-element-bef6c81 e-flex e-con-boxed e-con e-parent\" data-id=\"bef6c81\" data-element_type=\"container\" data-e-type=\"container\">\n\t\t\t\t\t<div class=\"e-con-inner\">\n\t\t<div class=\"elementor-element elementor-element-b8fa7fa e-con-full e-flex e-con e-child\" data-id=\"b8fa7fa\" data-element_type=\"container\" data-e-type=\"container\">\n\t\t\t\t<\/div>\n\t\t<div class=\"elementor-element elementor-element-3e218e9 e-con-full e-flex e-con e-child\" data-id=\"3e218e9\" data-element_type=\"container\" data-e-type=\"container\">\n\t\t\t\t<div class=\"elementor-element elementor-element-0b375d1 elementor-widget elementor-widget-text-editor\" data-id=\"0b375d1\" data-element_type=\"widget\" data-e-type=\"widget\" data-widget_type=\"text-editor.default\">\n\t\t\t\t\t\t\t\t\t<p>O Grupo Carrara \u00e9 uma empresa brasileira de terceiriza\u00e7\u00e3o de servi\u00e7os, com 25 anos de atua\u00e7\u00e3o no mercado, reconhecida pela excel\u00eancia, confiabilidade e inova\u00e7\u00e3o. Especializada em seguran\u00e7a, facilities e manuten\u00e7\u00e3o predial, a empresa atende diversos setores da economia, como grandes empresas, ind\u00fastrias, condom\u00ednios, hospitais, centros log\u00edsticos, shoppings centers e o agroneg\u00f3cio, oferecendo solu\u00e7\u00f5es completas, personalizadas e de alto desempenho.<\/p><p>Com presen\u00e7a nacional e forte foco em tecnologia aplicada, o Grupo Carrara desenvolve projetos sob medida, alinhando pessoas qualificadas, processos eficientes e recursos tecnol\u00f3gicos avan\u00e7ados, sempre com o objetivo de proteger patrim\u00f4nios, otimizar opera\u00e7\u00f5es e gerar tranquilidade aos seus clientes.<\/p><h2><strong>Principais Servi\u00e7os Oferecidos<\/strong><\/h2><p><strong>Seguran\u00e7a Patrimonial e Corporativa<\/strong><\/p><p>Vigil\u00e2ncia armada e desarmada, portaria presencial e remota 24h, monitoramento inteligente, seguran\u00e7a pessoal (VSPP), escoltas e solu\u00e7\u00f5es integradas de controle de acesso.<\/p><p><strong>Terceiriza\u00e7\u00e3o de Facilities<\/strong><\/p><p>Servi\u00e7os de limpeza p\u00f3s-obra, limpeza e conserva\u00e7\u00e3o predial, jardinagem e manuten\u00e7\u00e3o predial, com equipes treinadas e gest\u00e3o orientada a resultados.<\/p><p><strong>Tecnologia Aplicada \u00e0 Seguran\u00e7a<\/strong><\/p><p>Uso de drones para vigil\u00e2ncia perimetral, sistemas de ronda digital, monitoramento remoto e intelig\u00eancia artificial aplicada \u00e0 gest\u00e3o de seguran\u00e7a, garantindo maior efici\u00eancia operacional e redu\u00e7\u00e3o de riscos.<\/p><p><strong>Diferenciais do Grupo Carrara<\/strong><\/p><p>Experi\u00eancia consolidada: 25 anos de atua\u00e7\u00e3o no mercado de terceiriza\u00e7\u00e3o de servi\u00e7os.<\/p><p>Atua\u00e7\u00e3o diversificada: Atendimento a m\u00faltiplos segmentos, com solu\u00e7\u00f5es espec\u00edficas para cada tipo de opera\u00e7\u00e3o.<\/p><p>Solu\u00e7\u00f5es personalizadas: Projetos desenvolvidos de acordo com as necessidades, riscos e caracter\u00edsticas de cada cliente.<\/p><p>Tecnologia e inova\u00e7\u00e3o: Integra\u00e7\u00e3o de drones, sistemas inteligentes e gest\u00e3o digital.<\/p><p>Abrang\u00eancia nacional: Cobertura em diversas regi\u00f5es do Brasil, com bases estrat\u00e9gicas em S\u00e3o Paulo, S\u00e3o Jos\u00e9 dos Campos e outras cidades.<\/p><p>O Grupo Carrara mant\u00e9m um compromisso permanente com a qualidade, a \u00e9tica, a seguran\u00e7a e a confian\u00e7a, construindo parcerias s\u00f3lidas e de longo prazo com seus clientes.<\/p>\t\t\t\t\t\t\t\t<\/div>\n\t\t\t\t<\/div>\n\t\t<div class=\"elementor-element elementor-element-6255504 e-con-full e-flex e-con e-child\" data-id=\"6255504\" data-element_type=\"container\" data-e-type=\"container\">\n\t\t\t\t<\/div>\n\t\t\t\t\t<\/div>\n\t\t\t\t<\/div>\n\t\t\t\t<\/div>\n\t\t","protected":false},"excerpt":{"rendered":"<p>SOLICITE UM OR\u00c7AMENTO http:\/\/grupocarrara.com.br\/wp-content\/uploads\/2026\/03\/APRESENTACAO-GRUPO-CARRARA-1-3-1.mp4 O Grupo Carrara \u00e9 uma empresa brasileira de terceiriza\u00e7\u00e3o de servi\u00e7os, com 25 anos de atua\u00e7\u00e3o no mercado, reconhecida pela excel\u00eancia, confiabilidade e inova\u00e7\u00e3o. Especializada em seguran\u00e7a, facilities e manuten\u00e7\u00e3o predial, a empresa atende diversos setores da economia, como grandes empresas, ind\u00fastrias, condom\u00ednios, hospitais, centros log\u00edsticos, shoppings centers e o agroneg\u00f3cio, [&hellip;]<\/p>\n","protected":false},"author":1,"featured_media":0,"parent":0,"menu_order":0,"comment_status":"closed","ping_status":"closed","template":"elementor_canvas","meta":{"footnotes":""},"class_list":["post-119","page","type-page","status-publish","hentry"],"_links":{"self":[{"href":"https:\/\/grupocarrara.com.br\/index.php\/wp-json\/wp\/v2\/pages\/119","targetHints":{"allow":["GET"]}}],"collection":[{"href":"https:\/\/grupocarrara.com.br\/index.php\/wp-json\/wp\/v2\/pages"}],"about":[{"href":"https:\/\/grupocarrara.com.br\/index.php\/wp-json\/wp\/v2\/types\/page"}],"author":[{"embeddable":true,"href":"https:\/\/grupocarrara.com.br\/index.php\/wp-json\/wp\/v2\/users\/1"}],"replies":[{"embeddable":true,"href":"https:\/\/grupocarrara.com.br\/index.php\/wp-json\/wp\/v2\/comments?post=119"}],"version-history":[{"count":34,"href":"https:\/\/grupocarrara.com.br\/index.php\/wp-json\/wp\/v2\/pages\/119\/revisions"}],"predecessor-version":[{"id":224,"href":"https:\/\/grupocarrara.com.br\/index.php\/wp-json\/wp\/v2\/pages\/119\/revisions\/224"}],"wp:attachment":[{"href":"https:\/\/grupocarrara.com.br\/index.php\/wp-json\/wp\/v2\/media?parent=119"}],"curies":[{"name":"wp","href":"https:\/\/api.w.org\/{rel}","templated":true}]}}